{"id":951,"date":"2021-05-10T11:03:49","date_gmt":"2021-05-10T09:03:49","guid":{"rendered":"http:\/\/yvbkmwg.cluster100.hosting.ovh.net\/?page_id=951"},"modified":"2021-05-10T15:26:17","modified_gmt":"2021-05-10T13:26:17","slug":"etablissements-de-nuit","status":"publish","type":"page","link":"https:\/\/chrd-assurances.com\/index.php\/etablissements-de-nuit\/","title":{"rendered":"Etablissements de nuit"},"content":{"rendered":"\n<div class=\"wp-block-cover alignfull has-background-dim-40 has-black-background-color has-background-dim\" style=\"background-image:url(http:\/\/yvbkmwg.cluster100.hosting.ovh.net\/wp-content\/uploads\/2021\/05\/david-jackson-m7sg0rvJhq4-unsplash-1-scaled.jpg);min-height:376px;background-position:73% 7%\"><div class=\"wp-block-cover__inner-container\">\n<h1 class=\"has-text-align-center\">Assurances <\/h1>\n\n\n\n<h1 class=\"has-text-align-center\">\u00e9tablissements de nuit<\/h1>\n<\/div><\/div>\n\n\n\n<div style=\"height:50px\" aria-hidden=\"true\" class=\"wp-block-spacer\"><\/div>\n\n\n\n<div class=\"wp-block-columns\">\n<div class=\"wp-block-column\">\n<h2 class=\"has-vivid-red-color has-text-color has-medium-font-size\"><strong>Assurances pour les \u00e9tablissements de nuit<\/strong><\/h2>\n\n\n\n<div class=\"wp-block-group has-black-color has-text-color\"><div class=\"wp-block-group__inner-container\">\n<ul id=\"block-49519c3b-0162-4e69-9b8f-44b70254af60\"><li>Un tarif en fonction de votre &nbsp;contenu<\/li><li>Des garanties sp\u00e9cifiques r\u00e9pondant \u00e0 vos particularit\u00e9s<\/li><li>Garanties et capitaux modulables adapt\u00e9s \u00e0 vos sp\u00e9cificit\u00e9s<\/li><li>20 ans d\u2019exp\u00e9rience dans l\u2019assurance des \u00e9tablissements de loisirs et de nuit<\/li><li>Flexibilit\u00e9 du contrat<\/li><li>L\u2019absence de sous &#8211; limitation de la garantie \u00ab&nbsp;D\u00e9g\u00e2t des eaux&nbsp;\u00bb , fix\u00e9e \u00e0 hauteur du capital incendie<\/li><\/ul>\n<\/div><\/div>\n<\/div>\n\n\n\n<div class=\"wp-block-column\">\n<h2 class=\"has-vivid-red-color has-text-color has-medium-font-size\" id=\"block-ede52e39-67c3-49d6-867e-de0ff7043f96\"><strong>Nous contacter<\/strong><\/h2>\n\n\n\n<div class=\"wp-block-contact-form-7-contact-form-selector\"><div role=\"form\" class=\"wpcf7\" id=\"wpcf7-f957-o1\" lang=\"fr-FR\" dir=\"ltr\">\n<div class=\"screen-reader-response\"><p role=\"status\" aria-live=\"polite\" aria-atomic=\"true\"><\/p> <ul><\/ul><\/div>\n<form action=\"\/index.php\/wp-json\/wp\/v2\/pages\/951#wpcf7-f957-o1\" method=\"post\" class=\"wpcf7-form init\" novalidate=\"novalidate\" data-status=\"init\">\n<div style=\"display: none;\">\n<input type=\"hidden\" name=\"_wpcf7\" value=\"957\" \/>\n<input type=\"hidden\" name=\"_wpcf7_version\" value=\"5.5.3\" \/>\n<input type=\"hidden\" name=\"_wpcf7_locale\" value=\"fr_FR\" \/>\n<input type=\"hidden\" name=\"_wpcf7_unit_tag\" value=\"wpcf7-f957-o1\" \/>\n<input type=\"hidden\" name=\"_wpcf7_container_post\" value=\"0\" \/>\n<input type=\"hidden\" name=\"_wpcf7_posted_data_hash\" value=\"\" \/>\n<input type=\"hidden\" name=\"_wpcf7_recaptcha_response\" value=\"\" \/>\n<\/div>\n<p><label> Nom du proposant<br \/>\n    <span class=\"wpcf7-form-control-wrap Nom\"><input type=\"text\" name=\"Nom\" value=\"\" size=\"40\" class=\"wpcf7-form-control wpcf7-text wpcf7-validates-as-required\" aria-required=\"true\" aria-invalid=\"false\" \/><\/span> <\/label><\/p>\n<p><label> Adresse mail<br \/>\n    <span class=\"wpcf7-form-control-wrap email\"><input type=\"email\" name=\"email\" value=\"\" size=\"40\" class=\"wpcf7-form-control wpcf7-text wpcf7-email wpcf7-validates-as-required wpcf7-validates-as-email\" aria-required=\"true\" aria-invalid=\"false\" \/><\/span> <\/label><\/p>\n<p><label> Num\u00e9ro de t\u00e9l\u00e9phone<br \/>\n    <span class=\"wpcf7-form-control-wrap Telephone\"><input type=\"tel\" name=\"Telephone\" value=\"\" size=\"40\" class=\"wpcf7-form-control wpcf7-text wpcf7-tel wpcf7-validates-as-required wpcf7-validates-as-tel\" aria-required=\"true\" aria-invalid=\"false\" \/><\/span> <\/label><\/p>\n<p><label> Nom de l'enseigne<br \/>\n    <span class=\"wpcf7-form-control-wrap your-subject\"><input type=\"text\" name=\"your-subject\" value=\"\" size=\"40\" class=\"wpcf7-form-control wpcf7-text wpcf7-validates-as-required\" aria-required=\"true\" aria-invalid=\"false\" \/><\/span> <\/label><\/p>\n<p><label> Raison sociale<br \/>\n    <span class=\"wpcf7-form-control-wrap raison-sociale\"><input type=\"text\" name=\"raison-sociale\" value=\"\" size=\"40\" class=\"wpcf7-form-control wpcf7-text wpcf7-validates-as-required\" aria-required=\"true\" aria-invalid=\"false\" \/><\/span> <\/label><\/p>\n<p><label> N\u00b0 de siret<br \/>\n    <span class=\"wpcf7-form-control-wrap Siret\"><input type=\"text\" name=\"Siret\" value=\"\" size=\"40\" class=\"wpcf7-form-control wpcf7-text wpcf7-validates-as-required\" aria-required=\"true\" aria-invalid=\"false\" \/><\/span> <\/label><\/p>\n<p><label> Qualit\u00e9 de l'occupant<br \/>\n    <span class=\"wpcf7-form-control-wrap qualite\"><input type=\"text\" name=\"qualite\" value=\"\" size=\"40\" class=\"wpcf7-form-control wpcf7-text wpcf7-validates-as-required\" aria-required=\"true\" aria-invalid=\"false\" \/><\/span> <\/label><\/p>\n<p><label>    <\/label><\/p>\n<p><label> Adresse de l'\u00e9tablissement <\/label><\/p>\n<p><label> N\u00b0 et nom de la rue<br \/>\n    <span class=\"wpcf7-form-control-wrap adresse\"><input type=\"text\" name=\"adresse\" value=\"\" size=\"40\" class=\"wpcf7-form-control wpcf7-text wpcf7-validates-as-required\" aria-required=\"true\" aria-invalid=\"false\" \/><\/span> <\/label><\/p>\n<p><label> Ville<br \/>\n    <span class=\"wpcf7-form-control-wrap ville\"><input type=\"text\" name=\"ville\" value=\"\" size=\"40\" class=\"wpcf7-form-control wpcf7-text wpcf7-validates-as-required\" aria-required=\"true\" aria-invalid=\"false\" \/><\/span> <\/label><\/p>\n<p><label> Code postal<br \/>\n    <span class=\"wpcf7-form-control-wrap code-postal\"><input type=\"text\" name=\"code-postal\" value=\"\" size=\"40\" class=\"wpcf7-form-control wpcf7-text wpcf7-validates-as-required\" aria-required=\"true\" aria-invalid=\"false\" \/><\/span> <\/label><\/p>\n<p><label> Pays<br \/>\n    <span class=\"wpcf7-form-control-wrap Pays\"><input type=\"text\" name=\"Pays\" value=\"\" size=\"40\" class=\"wpcf7-form-control wpcf7-text wpcf7-validates-as-required\" aria-required=\"true\" aria-invalid=\"false\" \/><\/span> <\/label><\/p>\n<p><label> Ajouter une remarque (facultatif)<br \/>\n    <span class=\"wpcf7-form-control-wrap your-message\"><textarea name=\"your-message\" cols=\"40\" rows=\"10\" class=\"wpcf7-form-control wpcf7-textarea\" aria-invalid=\"false\"><\/textarea><\/span> <\/label><\/p>\n<p><input type=\"submit\" value=\"Envoyer\" class=\"wpcf7-form-control has-spinner wpcf7-submit\" \/><\/p>\n<div class=\"wpcf7-response-output\" aria-hidden=\"true\"><\/div><\/form><\/div><\/div>\n<\/div>\n<\/div>\n","protected":false},"excerpt":{"rendered":"<p>Assurances pour les \u00e9tablissements de nuit Un tarif en fonction de votre &nbsp;contenu Des garanties sp\u00e9cifiques r\u00e9pondant \u00e0 vos particularit\u00e9s Garanties et capitaux modulables adapt\u00e9s \u00e0 vos sp\u00e9cificit\u00e9s 20 ans &#8230;<\/p>\n","protected":false},"author":1,"featured_media":0,"parent":0,"menu_order":0,"comment_status":"closed","ping_status":"closed","template":"","meta":[],"_links":{"self":[{"href":"https:\/\/chrd-assurances.com\/index.php\/wp-json\/wp\/v2\/pages\/951"}],"collection":[{"href":"https:\/\/chrd-assurances.com\/index.php\/wp-json\/wp\/v2\/pages"}],"about":[{"href":"https:\/\/chrd-assurances.com\/index.php\/wp-json\/wp\/v2\/types\/page"}],"author":[{"embeddable":true,"href":"https:\/\/chrd-assurances.com\/index.php\/wp-json\/wp\/v2\/users\/1"}],"replies":[{"embeddable":true,"href":"https:\/\/chrd-assurances.com\/index.php\/wp-json\/wp\/v2\/comments?post=951"}],"version-history":[{"count":4,"href":"https:\/\/chrd-assurances.com\/index.php\/wp-json\/wp\/v2\/pages\/951\/revisions"}],"predecessor-version":[{"id":959,"href":"https:\/\/chrd-assurances.com\/index.php\/wp-json\/wp\/v2\/pages\/951\/revisions\/959"}],"wp:attachment":[{"href":"https:\/\/chrd-assurances.com\/index.php\/wp-json\/wp\/v2\/media?parent=951"}],"curies":[{"name":"wp","href":"https:\/\/api.w.org\/{rel}","templated":true}]}}